{"id":553,"date":"2021-11-02T08:55:26","date_gmt":"2021-11-02T08:55:26","guid":{"rendered":"https:\/\/demo.athemes.com\/sydney-main\/?page_id=553"},"modified":"2026-03-24T14:53:12","modified_gmt":"2026-03-24T14:53:12","slug":"kontakt","status":"publish","type":"page","link":"https:\/\/brina-plavsic.si\/en\/kontakt\/","title":{"rendered":"Contact me"},"content":{"rendered":"<div data-elementor-type=\"wp-page\" data-elementor-id=\"553\" class=\"elementor elementor-553\">\n\t\t\t\t\t\t\t\t\t<section class=\"elementor-section elementor-top-section elementor-element elementor-element-7d5b829 elementor-section-height-full elementor-section-boxed elementor-section-height-default elementor-section-items-middle\" data-id=\"7d5b829\" data-element_type=\"section\" data-settings=\"{&quot;background_background&quot;:&quot;classic&quot;}\">\n\t\t\t\t\t\t\t<div class=\"elementor-background-overlay\"><\/div>\n\t\t\t\t\t\t\t<div class=\"elementor-container elementor-column-gap-default\">\n\t\t\t\t\t<div class=\"elementor-column elementor-col-33 elementor-top-column elementor-element elementor-element-27ad9e7\" data-id=\"27ad9e7\" data-element_type=\"column\" data-settings=\"{&quot;background_background&quot;:&quot;classic&quot;}\">\n\t\t\t<div class=\"elementor-widget-wrap\">\n\t\t\t\t\t\t\t\t\t<\/div>\n\t\t<\/div>\n\t\t\t\t<div class=\"elementor-column elementor-col-33 elementor-top-column elementor-element elementor-element-518b9f4\" data-id=\"518b9f4\" data-element_type=\"column\">\n\t\t\t<div class=\"elementor-widget-wrap elementor-element-populated\">\n\t\t\t\t\t\t\t\t<div class=\"elementor-element elementor-element-66d6749 elementor-widget elementor-widget-heading\" data-id=\"66d6749\" data-element_type=\"widget\" data-widget_type=\"heading.default\">\n\t\t\t\t<div class=\"elementor-widget-container\">\n\t\t\t<style>\/*! elementor - v3.6.6 - 08-06-2022 *\/\n.elementor-heading-title{padding:0;margin:0;line-height:1}.elementor-widget-heading .elementor-heading-title[class*=elementor-size-]>a{color:inherit;font-size:inherit;line-height:inherit}.elementor-widget-heading .elementor-heading-title.elementor-size-small{font-size:15px}.elementor-widget-heading .elementor-heading-title.elementor-size-medium{font-size:19px}.elementor-widget-heading .elementor-heading-title.elementor-size-large{font-size:29px}.elementor-widget-heading .elementor-heading-title.elementor-size-xl{font-size:39px}.elementor-widget-heading .elementor-heading-title.elementor-size-xxl{font-size:59px}<\/style><h4 class=\"elementor-heading-title elementor-size-default\">Contact me to schedule <\/br>\nan introductory meeting<\/h4>\t\t<\/div>\n\t\t\t\t<\/div>\n\t\t\t\t<div class=\"elementor-element elementor-element-4a5854a elementor-widget elementor-widget-heading\" data-id=\"4a5854a\" data-element_type=\"widget\" data-widget_type=\"heading.default\">\n\t\t\t\t<div class=\"elementor-widget-container\">\n\t\t\t<h6 class=\"elementor-heading-title elementor-size-default\">Sessions take place online or \n<\/br>in person at Tr\u017ea\u0161ka cesta 2<\/h6>\t\t<\/div>\n\t\t\t\t<\/div>\n\t\t\t\t<div class=\"elementor-element elementor-element-6ea3509 elementor-widget elementor-widget-wpforms\" data-id=\"6ea3509\" data-element_type=\"widget\" data-widget_type=\"wpforms.default\">\n\t\t\t\t<div class=\"elementor-widget-container\">\n\t\t\t<div class=\"wpforms-container wpforms-container-full\" id=\"wpforms-1914\"><form id=\"wpforms-form-1914\" class=\"wpforms-validate wpforms-form wpforms-ajax-form\" data-formid=\"1914\" method=\"post\" enctype=\"multipart\/form-data\" action=\"\/en\/wp-json\/wp\/v2\/pages\/553\" data-token=\"115d8373e039b41d558c69058b66040a\" data-token-time=\"1778565698\" data-trp-original-action=\"\/en\/wp-json\/wp\/v2\/pages\/553\"><noscript class=\"wpforms-error-noscript\">Please enable JavaScript in your browser to complete this form.<\/noscript><div class=\"wpforms-field-container\"><div id=\"wpforms-1914-field_1-container\" class=\"wpforms-field wpforms-field-name\" data-field-id=\"1\"><label class=\"wpforms-field-label\" for=\"wpforms-1914-field_1\">Name <span class=\"wpforms-required-label\">*<\/span><\/label><div class=\"wpforms-field-row wpforms-field-medium\"><div class=\"wpforms-field-row-block wpforms-first wpforms-one-half\"><input type=\"text\" id=\"wpforms-1914-field_1\" class=\"wpforms-field-name-first wpforms-field-required\" name=\"wpforms[fields][1][first]\" required><label for=\"wpforms-1914-field_1\" class=\"wpforms-field-sublabel after wpforms-sublabel-hide\">First<\/label><\/div><div class=\"wpforms-field-row-block wpforms-one-half\"><input type=\"text\" id=\"wpforms-1914-field_1-last\" class=\"wpforms-field-name-last wpforms-field-required\" name=\"wpforms[fields][1][last]\" required><label for=\"wpforms-1914-field_1-last\" class=\"wpforms-field-sublabel after wpforms-sublabel-hide\">Last<\/label><\/div><\/div><\/div><div id=\"wpforms-1914-field_2-container\" class=\"wpforms-field wpforms-field-email\" data-field-id=\"2\"><label class=\"wpforms-field-label\" for=\"wpforms-1914-field_2\">Email <span class=\"wpforms-required-label\">*<\/span><\/label><input type=\"email\" id=\"wpforms-1914-field_2\" class=\"wpforms-field-medium wpforms-field-required\" name=\"wpforms[fields][2]\" spellcheck=\"false\" required><\/div><div id=\"wpforms-1914-field_3-container\" class=\"wpforms-field wpforms-field-text\" data-field-id=\"3\"><label class=\"wpforms-field-label wpforms-label-hide\" for=\"wpforms-1914-field_3\">Sporo\u010dilo<\/label><input type=\"text\" id=\"wpforms-1914-field_3\" class=\"wpforms-field-medium\" name=\"wpforms[fields][3]\" placeholder=\"Enter message here\" ><\/div><\/div><!-- .wpforms-field-container --><div class=\"wpforms-submit-container\" ><input type=\"hidden\" name=\"wpforms[id]\" value=\"1914\"><input type=\"hidden\" name=\"page_title\" value=\"\"><input type=\"hidden\" name=\"page_url\" value=\"https:\/\/brina-plavsic.si\/en\/wp-json\/wp\/v2\/pages\/553\"><input type=\"hidden\" name=\"url_referer\" value=\"\"><button type=\"submit\" name=\"wpforms[submit]\" id=\"wpforms-submit-1914\" class=\"wpforms-submit\" data-alt-text=\"Sending...\" data-submit-text=\"Po\u0161lji\" aria-live=\"assertive\" value=\"wpforms-submit\">Submit<\/button><img loading=\"lazy\" decoding=\"async\" src=\"https:\/\/brina-plavsic.si\/wp-content\/plugins\/wpforms-lite\/assets\/images\/submit-spin.svg\" class=\"wpforms-submit-spinner\" style=\"display: none;\" width=\"26\" height=\"26\" alt=\"Loading\"><\/div><input type=\"hidden\" name=\"trp-form-language\" value=\"en\"\/><\/form><\/div>  <!-- .wpforms-container -->\t\t<\/div>\n\t\t\t\t<\/div>\n\t\t\t\t\t<\/div>\n\t\t<\/div>\n\t\t\t\t<div class=\"elementor-column elementor-col-33 elementor-top-column elementor-element elementor-element-759a338\" data-id=\"759a338\" data-element_type=\"column\">\n\t\t\t<div class=\"elementor-widget-wrap elementor-element-populated\">\n\t\t\t\t\t\t\t\t\t<\/div>\n\t\t<\/div>\n\t\t\t\t\t\t\t<\/div>\n\t\t<\/section>\n\t\t\t\t\t\t\t<\/div>","protected":false},"excerpt":{"rendered":"<p>Kontaktiraj me, da se dogovoriva za uvodno sre\u010danje Sre\u010danja potekajo preko spleta [&hellip;]<\/p>","protected":false},"author":1,"featured_media":0,"parent":0,"menu_order":0,"comment_status":"closed","ping_status":"closed","template":"page-templates\/page_front-page.php","meta":{"_themeisle_gutenberg_block_has_review":false,"footnotes":""},"class_list":["post-553","page","type-page","status-publish","hentry"],"yoast_head":"<!-- This site is optimized with the Yoast SEO plugin v22.2 - https:\/\/yoast.com\/wordpress\/plugins\/seo\/ -->\n<title>Kontakt - Brina Plav\u0161i\u010d - Celostno svetovanje in terapija<\/title>\n<meta name=\"robots\" content=\"index, follow, max-snippet:-1, max-image-preview:large, max-video-preview:-1\" \/>\n<link rel=\"canonical\" href=\"https:\/\/brina-plavsic.si\/en\/kontakt\/\" \/>\n<meta property=\"og:locale\" content=\"en_GB\" \/>\n<meta property=\"og:type\" content=\"article\" \/>\n<meta property=\"og:title\" content=\"Kontakt - Brina Plav\u0161i\u010d - Celostno svetovanje in terapija\" \/>\n<meta property=\"og:description\" content=\"Kontaktiraj me, da se dogovoriva za uvodno sre\u010danje Sre\u010danja potekajo preko spleta [&hellip;]\" \/>\n<meta property=\"og:url\" content=\"https:\/\/brina-plavsic.si\/en\/kontakt\/\" \/>\n<meta property=\"og:site_name\" content=\"Brina Plav\u0161i\u010d - Celostno svetovanje in terapija\" \/>\n<meta property=\"article:modified_time\" content=\"2026-03-24T14:53:12+00:00\" \/>\n<meta property=\"og:image\" content=\"https:\/\/brina-plavsic.si\/wp-content\/plugins\/wpforms-lite\/assets\/images\/submit-spin.svg\" \/>\n<meta name=\"twitter:card\" content=\"summary_large_image\" \/>\n<meta name=\"twitter:label1\" content=\"Estimated reading time\" \/>\n\t<meta name=\"twitter:data1\" content=\"1 minute\" \/>\n<script type=\"application\/ld+json\" class=\"yoast-schema-graph\">{\"@context\":\"https:\/\/schema.org\",\"@graph\":[{\"@type\":\"WebPage\",\"@id\":\"https:\/\/brina-plavsic.si\/kontakt\/\",\"url\":\"https:\/\/brina-plavsic.si\/kontakt\/\",\"name\":\"Kontakt - Brina Plav\u0161i\u010d - Celostno svetovanje in terapija\",\"isPartOf\":{\"@id\":\"https:\/\/brina-plavsic.si\/#website\"},\"primaryImageOfPage\":{\"@id\":\"https:\/\/brina-plavsic.si\/kontakt\/#primaryimage\"},\"image\":{\"@id\":\"https:\/\/brina-plavsic.si\/kontakt\/#primaryimage\"},\"thumbnailUrl\":\"https:\/\/brina-plavsic.si\/wp-content\/plugins\/wpforms-lite\/assets\/images\/submit-spin.svg\",\"datePublished\":\"2021-11-02T08:55:26+00:00\",\"dateModified\":\"2026-03-24T14:53:12+00:00\",\"breadcrumb\":{\"@id\":\"https:\/\/brina-plavsic.si\/kontakt\/#breadcrumb\"},\"inLanguage\":\"en-GB\",\"potentialAction\":[{\"@type\":\"ReadAction\",\"target\":[\"https:\/\/brina-plavsic.si\/kontakt\/\"]}]},{\"@type\":\"ImageObject\",\"inLanguage\":\"en-GB\",\"@id\":\"https:\/\/brina-plavsic.si\/kontakt\/#primaryimage\",\"url\":\"https:\/\/brina-plavsic.si\/wp-content\/plugins\/wpforms-lite\/assets\/images\/submit-spin.svg\",\"contentUrl\":\"https:\/\/brina-plavsic.si\/wp-content\/plugins\/wpforms-lite\/assets\/images\/submit-spin.svg\"},{\"@type\":\"BreadcrumbList\",\"@id\":\"https:\/\/brina-plavsic.si\/kontakt\/#breadcrumb\",\"itemListElement\":[{\"@type\":\"ListItem\",\"position\":1,\"name\":\"Home\",\"item\":\"https:\/\/brina-plavsic.si\/\"},{\"@type\":\"ListItem\",\"position\":2,\"name\":\"Kontakt\"}]},{\"@type\":\"WebSite\",\"@id\":\"https:\/\/brina-plavsic.si\/#website\",\"url\":\"https:\/\/brina-plavsic.si\/\",\"name\":\"Brina Plav\u0161i\u010d - Celostno svetovanje in terapija\",\"description\":\"\",\"publisher\":{\"@id\":\"https:\/\/brina-plavsic.si\/#\/schema\/person\/a4c94b2fce4f46e70e3efd186b51cd15\"},\"potentialAction\":[{\"@type\":\"SearchAction\",\"target\":{\"@type\":\"EntryPoint\",\"urlTemplate\":\"https:\/\/brina-plavsic.si\/?s={search_term_string}\"},\"query-input\":\"required name=search_term_string\"}],\"inLanguage\":\"en-GB\"},{\"@type\":[\"Person\",\"Organization\"],\"@id\":\"https:\/\/brina-plavsic.si\/#\/schema\/person\/a4c94b2fce4f46e70e3efd186b51cd15\",\"name\":\"BrinaPlavsic\",\"image\":{\"@type\":\"ImageObject\",\"inLanguage\":\"en-GB\",\"@id\":\"https:\/\/brina-plavsic.si\/#\/schema\/person\/image\/\",\"url\":\"http:\/\/brina-plavsic.si\/wp-content\/uploads\/2024\/03\/BrinaLogo_RozaNapis-01.png\",\"contentUrl\":\"http:\/\/brina-plavsic.si\/wp-content\/uploads\/2024\/03\/BrinaLogo_RozaNapis-01.png\",\"width\":1000,\"height\":1000,\"caption\":\"BrinaPlavsic\"},\"logo\":{\"@id\":\"https:\/\/brina-plavsic.si\/#\/schema\/person\/image\/\"},\"sameAs\":[\"http:\/\/brina-plavsic.si\"]}]}<\/script>\n<!-- \/ Yoast SEO plugin. -->","yoast_head_json":{"title":"Kontakt - Brina Plav\u0161i\u010d - Celostno svetovanje in terapija","robots":{"index":"index","follow":"follow","max-snippet":"max-snippet:-1","max-image-preview":"max-image-preview:large","max-video-preview":"max-video-preview:-1"},"canonical":"https:\/\/brina-plavsic.si\/en\/kontakt\/","og_locale":"en_GB","og_type":"article","og_title":"Kontakt - Brina Plav\u0161i\u010d - Celostno svetovanje in terapija","og_description":"Kontaktiraj me, da se dogovoriva za uvodno sre\u010danje Sre\u010danja potekajo preko spleta [&hellip;]","og_url":"https:\/\/brina-plavsic.si\/en\/kontakt\/","og_site_name":"Brina Plav\u0161i\u010d - Celostno svetovanje in terapija","article_modified_time":"2026-03-24T14:53:12+00:00","og_image":[{"url":"https:\/\/brina-plavsic.si\/wp-content\/plugins\/wpforms-lite\/assets\/images\/submit-spin.svg"}],"twitter_card":"summary_large_image","twitter_misc":{"Estimated reading time":"1 minute"},"schema":{"@context":"https:\/\/schema.org","@graph":[{"@type":"WebPage","@id":"https:\/\/brina-plavsic.si\/kontakt\/","url":"https:\/\/brina-plavsic.si\/kontakt\/","name":"Kontakt - Brina Plav\u0161i\u010d - Celostno svetovanje in terapija","isPartOf":{"@id":"https:\/\/brina-plavsic.si\/#website"},"primaryImageOfPage":{"@id":"https:\/\/brina-plavsic.si\/kontakt\/#primaryimage"},"image":{"@id":"https:\/\/brina-plavsic.si\/kontakt\/#primaryimage"},"thumbnailUrl":"https:\/\/brina-plavsic.si\/wp-content\/plugins\/wpforms-lite\/assets\/images\/submit-spin.svg","datePublished":"2021-11-02T08:55:26+00:00","dateModified":"2026-03-24T14:53:12+00:00","breadcrumb":{"@id":"https:\/\/brina-plavsic.si\/kontakt\/#breadcrumb"},"inLanguage":"en-GB","potentialAction":[{"@type":"ReadAction","target":["https:\/\/brina-plavsic.si\/kontakt\/"]}]},{"@type":"ImageObject","inLanguage":"en-GB","@id":"https:\/\/brina-plavsic.si\/kontakt\/#primaryimage","url":"https:\/\/brina-plavsic.si\/wp-content\/plugins\/wpforms-lite\/assets\/images\/submit-spin.svg","contentUrl":"https:\/\/brina-plavsic.si\/wp-content\/plugins\/wpforms-lite\/assets\/images\/submit-spin.svg"},{"@type":"BreadcrumbList","@id":"https:\/\/brina-plavsic.si\/kontakt\/#breadcrumb","itemListElement":[{"@type":"ListItem","position":1,"name":"Home","item":"https:\/\/brina-plavsic.si\/"},{"@type":"ListItem","position":2,"name":"Kontakt"}]},{"@type":"WebSite","@id":"https:\/\/brina-plavsic.si\/#website","url":"https:\/\/brina-plavsic.si\/","name":"Brina Plav\u0161i\u010d - Celostno svetovanje in terapija","description":"","publisher":{"@id":"https:\/\/brina-plavsic.si\/#\/schema\/person\/a4c94b2fce4f46e70e3efd186b51cd15"},"potentialAction":[{"@type":"SearchAction","target":{"@type":"EntryPoint","urlTemplate":"https:\/\/brina-plavsic.si\/?s={search_term_string}"},"query-input":"required name=search_term_string"}],"inLanguage":"en-GB"},{"@type":["Person","Organization"],"@id":"https:\/\/brina-plavsic.si\/#\/schema\/person\/a4c94b2fce4f46e70e3efd186b51cd15","name":"BrinaPlavsic","image":{"@type":"ImageObject","inLanguage":"en-GB","@id":"https:\/\/brina-plavsic.si\/#\/schema\/person\/image\/","url":"http:\/\/brina-plavsic.si\/wp-content\/uploads\/2024\/03\/BrinaLogo_RozaNapis-01.png","contentUrl":"http:\/\/brina-plavsic.si\/wp-content\/uploads\/2024\/03\/BrinaLogo_RozaNapis-01.png","width":1000,"height":1000,"caption":"BrinaPlavsic"},"logo":{"@id":"https:\/\/brina-plavsic.si\/#\/schema\/person\/image\/"},"sameAs":["http:\/\/brina-plavsic.si"]}]}},"_links":{"self":[{"href":"https:\/\/brina-plavsic.si\/en\/wp-json\/wp\/v2\/pages\/553","targetHints":{"allow":["GET"]}}],"collection":[{"href":"https:\/\/brina-plavsic.si\/en\/wp-json\/wp\/v2\/pages"}],"about":[{"href":"https:\/\/brina-plavsic.si\/en\/wp-json\/wp\/v2\/types\/page"}],"author":[{"embeddable":true,"href":"https:\/\/brina-plavsic.si\/en\/wp-json\/wp\/v2\/users\/1"}],"replies":[{"embeddable":true,"href":"https:\/\/brina-plavsic.si\/en\/wp-json\/wp\/v2\/comments?post=553"}],"version-history":[{"count":430,"href":"https:\/\/brina-plavsic.si\/en\/wp-json\/wp\/v2\/pages\/553\/revisions"}],"predecessor-version":[{"id":2224,"href":"https:\/\/brina-plavsic.si\/en\/wp-json\/wp\/v2\/pages\/553\/revisions\/2224"}],"wp:attachment":[{"href":"https:\/\/brina-plavsic.si\/en\/wp-json\/wp\/v2\/media?parent=553"}],"curies":[{"name":"wp","href":"https:\/\/api.w.org\/{rel}","templated":true}]}}