{"id":401,"date":"2021-11-01T11:30:50","date_gmt":"2021-11-01T11:30:50","guid":{"rendered":"https:\/\/demo.athemes.com\/sydney-main\/?page_id=401"},"modified":"2026-03-16T17:54:57","modified_gmt":"2026-03-16T17:54:57","slug":"o_meni","status":"publish","type":"page","link":"https:\/\/brina-plavsic.si\/en\/o_meni\/","title":{"rendered":"About Me"},"content":{"rendered":"<div data-elementor-type=\"wp-page\" data-elementor-id=\"401\" class=\"elementor elementor-401\">\n\t\t\t\t\t\t\t\t\t<section class=\"elementor-section elementor-top-section elementor-element elementor-element-eedafb9 elementor-section-content-middle elementor-section-boxed elementor-section-height-default elementor-section-height-default\" data-id=\"eedafb9\" data-element_type=\"section\">\n\t\t\t\t\t\t<div class=\"elementor-container elementor-column-gap-default\">\n\t\t\t\t\t<div class=\"elementor-column elementor-col-50 elementor-top-column elementor-element elementor-element-571508b\" data-id=\"571508b\" data-element_type=\"column\">\n\t\t\t<div class=\"elementor-widget-wrap elementor-element-populated\">\n\t\t\t\t\t\t\t\t<div class=\"elementor-element elementor-element-1cf0f1c elementor-widget elementor-widget-text-editor\" data-id=\"1cf0f1c\" data-element_type=\"widget\" data-widget_type=\"text-editor.default\">\n\t\t\t\t<div class=\"elementor-widget-container\">\n\t\t\t<style>\/*! elementor - v3.6.6 - 08-06-2022 *\/\n.elementor-widget-text-editor.elementor-drop-cap-view-stacked .elementor-drop-cap{background-color:#818a91;color:#fff}.elementor-widget-text-editor.elementor-drop-cap-view-framed .elementor-drop-cap{color:#818a91;border:3px solid;background-color:transparent}.elementor-widget-text-editor:not(.elementor-drop-cap-view-default) .elementor-drop-cap{margin-top:8px}.elementor-widget-text-editor:not(.elementor-drop-cap-view-default) .elementor-drop-cap-letter{width:1em;height:1em}.elementor-widget-text-editor .elementor-drop-cap{float:left;text-align:center;line-height:1;font-size:50px}.elementor-widget-text-editor .elementor-drop-cap-letter{display:inline-block}<\/style>\t\t\t\t<p>Hello, I'm Brina. I see life as an ongoing voyage of genuine self-discovery through diverse experiences.<\/p><p>I find joy in quiet corners of nature, yoga, cooking, writing, reading a good book, nice music, spontaneous dancing, meaningful conversations, new experiences, and moments that fill me with curiosity, joy, and peace.<\/p><p>Those who know me well describe me as fun, direct, analytical, determined, independent, and compassionate \u2013 someone who loves to explore, share insights, and ask thoughtful questions.<\/p>\t\t\t\t\t\t<\/div>\n\t\t\t\t<\/div>\n\t\t\t\t\t<\/div>\n\t\t<\/div>\n\t\t\t\t<div class=\"elementor-column elementor-col-50 elementor-top-column elementor-element elementor-element-bc4d4c0\" data-id=\"bc4d4c0\" data-element_type=\"column\">\n\t\t\t<div class=\"elementor-widget-wrap elementor-element-populated\">\n\t\t\t\t\t\t\t\t<div class=\"elementor-element elementor-element-48dd569 elementor-widget elementor-widget-image\" data-id=\"48dd569\" data-element_type=\"widget\" data-widget_type=\"image.default\">\n\t\t\t\t<div class=\"elementor-widget-container\">\n\t\t\t<style>\/*! elementor - v3.6.6 - 08-06-2022 *\/\n.elementor-widget-image{text-align:center}.elementor-widget-image a{display:inline-block}.elementor-widget-image a img[src$=\".svg\"]{width:48px}.elementor-widget-image img{vertical-align:middle;display:inline-block}<\/style>\t\t\t\t\t\t\t\t\t\t\t\t<img loading=\"lazy\" decoding=\"async\" width=\"768\" height=\"480\" src=\"https:\/\/brina-plavsic.si\/wp-content\/uploads\/2024\/02\/Brina2-768x480.jpg\" class=\"attachment-medium_large size-medium_large\" alt=\"\" srcset=\"https:\/\/brina-plavsic.si\/wp-content\/uploads\/2024\/02\/Brina2-768x480.jpg 768w, https:\/\/brina-plavsic.si\/wp-content\/uploads\/2024\/02\/Brina2-300x188.jpg 300w, https:\/\/brina-plavsic.si\/wp-content\/uploads\/2024\/02\/Brina2-1024x640.jpg 1024w, https:\/\/brina-plavsic.si\/wp-content\/uploads\/2024\/02\/Brina2-920x575.jpg 920w, https:\/\/brina-plavsic.si\/wp-content\/uploads\/2024\/02\/Brina2-230x144.jpg 230w, https:\/\/brina-plavsic.si\/wp-content\/uploads\/2024\/02\/Brina2-350x219.jpg 350w, https:\/\/brina-plavsic.si\/wp-content\/uploads\/2024\/02\/Brina2-480x300.jpg 480w, https:\/\/brina-plavsic.si\/wp-content\/uploads\/2024\/02\/Brina2.jpg 1280w\" sizes=\"auto, (max-width: 768px) 100vw, 768px\" \/>\t\t\t\t\t\t\t\t\t\t\t\t\t\t\t<\/div>\n\t\t\t\t<\/div>\n\t\t\t\t\t<\/div>\n\t\t<\/div>\n\t\t\t\t\t\t\t<\/div>\n\t\t<\/section>\n\t\t\t\t<section class=\"elementor-section elementor-top-section elementor-element elementor-element-1a2814c elementor-section-content-middle elementor-section-boxed elementor-section-height-default elementor-section-height-default\" data-id=\"1a2814c\" data-element_type=\"section\" data-settings=\"{&quot;background_background&quot;:&quot;classic&quot;}\">\n\t\t\t\t\t\t<div class=\"elementor-container elementor-column-gap-default\">\n\t\t\t\t\t<div class=\"elementor-column elementor-col-50 elementor-top-column elementor-element elementor-element-62b4571\" data-id=\"62b4571\" data-element_type=\"column\">\n\t\t\t<div class=\"elementor-widget-wrap elementor-element-populated\">\n\t\t\t\t\t\t\t\t<div class=\"elementor-element elementor-element-a4ceb7d elementor-widget elementor-widget-image\" data-id=\"a4ceb7d\" data-element_type=\"widget\" data-widget_type=\"image.default\">\n\t\t\t\t<div class=\"elementor-widget-container\">\n\t\t\t\t\t\t\t\t\t\t\t\t\t\t\t<img loading=\"lazy\" decoding=\"async\" width=\"300\" height=\"300\" src=\"https:\/\/brina-plavsic.si\/wp-content\/uploads\/2024\/05\/brinna-300x300.jpg\" class=\"attachment-medium size-medium\" alt=\"\" srcset=\"https:\/\/brina-plavsic.si\/wp-content\/uploads\/2024\/05\/brinna-300x300.jpg 300w, https:\/\/brina-plavsic.si\/wp-content\/uploads\/2024\/05\/brinna-1024x1024.jpg 1024w, https:\/\/brina-plavsic.si\/wp-content\/uploads\/2024\/05\/brinna-150x150.jpg 150w, https:\/\/brina-plavsic.si\/wp-content\/uploads\/2024\/05\/brinna-768x768.jpg 768w, https:\/\/brina-plavsic.si\/wp-content\/uploads\/2024\/05\/brinna-12x12.jpg 12w, https:\/\/brina-plavsic.si\/wp-content\/uploads\/2024\/05\/brinna-920x920.jpg 920w, https:\/\/brina-plavsic.si\/wp-content\/uploads\/2024\/05\/brinna-230x230.jpg 230w, https:\/\/brina-plavsic.si\/wp-content\/uploads\/2024\/05\/brinna-350x350.jpg 350w, https:\/\/brina-plavsic.si\/wp-content\/uploads\/2024\/05\/brinna-480x480.jpg 480w, https:\/\/brina-plavsic.si\/wp-content\/uploads\/2024\/05\/brinna.jpg 1500w\" sizes=\"auto, (max-width: 300px) 100vw, 300px\" \/>\t\t\t\t\t\t\t\t\t\t\t\t\t\t\t<\/div>\n\t\t\t\t<\/div>\n\t\t\t\t\t<\/div>\n\t\t<\/div>\n\t\t\t\t<div class=\"elementor-column elementor-col-50 elementor-top-column elementor-element elementor-element-b3185c2\" data-id=\"b3185c2\" data-element_type=\"column\">\n\t\t\t<div class=\"elementor-widget-wrap elementor-element-populated\">\n\t\t\t\t\t\t\t\t<div class=\"elementor-element elementor-element-3e12777 elementor-widget elementor-widget-text-editor\" data-id=\"3e12777\" data-element_type=\"widget\" data-widget_type=\"text-editor.default\">\n\t\t\t\t<div class=\"elementor-widget-container\">\n\t\t\t\t\t\t\t<p>Academically, I hold a Master\u2019s degree in Psychology and a Bachelor\u2019s degree in Biopsychology. I have also completed training in psychedelic psychotherapy (Zaj\u010dja Luknja Institute) and earned a certificate in Whole-Food Plant-Based Nutrition from Cornell University. Additionally, I have trained in somatically oriented EMDR, therapeutic yoga, and yin yoga.<\/p><p>I work within the Smisel Sebe Institute and the Zaj\u010dja Luknja Institute. In my practice, I combine professional knowledge with personal experience, allowing me to support individuals holistically \u2013 both as a practitioner and as a person with her own lived experience.<\/p>\t\t\t\t\t\t<\/div>\n\t\t\t\t<\/div>\n\t\t\t\t\t<\/div>\n\t\t<\/div>\n\t\t\t\t\t\t\t<\/div>\n\t\t<\/section>\n\t\t\t\t\t\t\t<\/div>","protected":false},"excerpt":{"rendered":"<p>Moje ime je Brina. \u017divljenje do\u017eivljam kot popotovanje, ki me skozi izku\u0161nje [&hellip;]<\/p>","protected":false},"author":1,"featured_media":0,"parent":0,"menu_order":0,"comment_status":"closed","ping_status":"closed","template":"page-templates\/page_front-page.php","meta":{"_themeisle_gutenberg_block_has_review":false,"footnotes":""},"class_list":["post-401","page","type-page","status-publish","hentry"],"yoast_head":"<!-- This site is optimized with the Yoast SEO plugin v22.2 - https:\/\/yoast.com\/wordpress\/plugins\/seo\/ -->\n<title>O meni - Brina Plav\u0161i\u010d - Celostno svetovanje in terapija<\/title>\n<meta name=\"description\" content=\"Verjamem, da je pristen odnos zdravilen, zato v odnose, tako osebno kot pri delu, vstopam z radovednostjo, iskrenostjo in so\u010dutjem.\" \/>\n<meta name=\"robots\" content=\"index, follow, max-snippet:-1, max-image-preview:large, max-video-preview:-1\" \/>\n<link rel=\"canonical\" href=\"https:\/\/brina-plavsic.si\/en\/o_meni\/\" \/>\n<meta property=\"og:locale\" content=\"en_GB\" \/>\n<meta property=\"og:type\" content=\"article\" \/>\n<meta property=\"og:title\" content=\"O meni - Brina Plav\u0161i\u010d - Celostno svetovanje in terapija\" \/>\n<meta property=\"og:description\" content=\"Verjamem, da je pristen odnos zdravilen, zato v odnose, tako osebno kot pri delu, vstopam z radovednostjo, iskrenostjo in so\u010dutjem.\" \/>\n<meta property=\"og:url\" content=\"https:\/\/brina-plavsic.si\/en\/o_meni\/\" \/>\n<meta property=\"og:site_name\" content=\"Brina Plav\u0161i\u010d - Celostno svetovanje in terapija\" \/>\n<meta property=\"article:modified_time\" content=\"2026-03-16T17:54:57+00:00\" \/>\n<meta property=\"og:image\" content=\"http:\/\/brina-plavsic.si\/wp-content\/uploads\/2024\/02\/Brina2-768x480.jpg\" \/>\n<meta name=\"twitter:card\" content=\"summary_large_image\" \/>\n<meta name=\"twitter:label1\" content=\"Estimated reading time\" \/>\n\t<meta name=\"twitter:data1\" content=\"2 minutes\" \/>\n<script type=\"application\/ld+json\" class=\"yoast-schema-graph\">{\"@context\":\"https:\/\/schema.org\",\"@graph\":[{\"@type\":\"WebPage\",\"@id\":\"https:\/\/brina-plavsic.si\/o_meni\/\",\"url\":\"https:\/\/brina-plavsic.si\/o_meni\/\",\"name\":\"O meni - Brina Plav\u0161i\u010d - Celostno svetovanje in terapija\",\"isPartOf\":{\"@id\":\"https:\/\/brina-plavsic.si\/#website\"},\"primaryImageOfPage\":{\"@id\":\"https:\/\/brina-plavsic.si\/o_meni\/#primaryimage\"},\"image\":{\"@id\":\"https:\/\/brina-plavsic.si\/o_meni\/#primaryimage\"},\"thumbnailUrl\":\"http:\/\/brina-plavsic.si\/wp-content\/uploads\/2024\/02\/Brina2-768x480.jpg\",\"datePublished\":\"2021-11-01T11:30:50+00:00\",\"dateModified\":\"2026-03-16T17:54:57+00:00\",\"description\":\"Verjamem, da je pristen odnos zdravilen, zato v odnose, tako osebno kot pri delu, vstopam z radovednostjo, iskrenostjo in so\u010dutjem.\",\"breadcrumb\":{\"@id\":\"https:\/\/brina-plavsic.si\/o_meni\/#breadcrumb\"},\"inLanguage\":\"en-GB\",\"potentialAction\":[{\"@type\":\"ReadAction\",\"target\":[\"https:\/\/brina-plavsic.si\/o_meni\/\"]}]},{\"@type\":\"ImageObject\",\"inLanguage\":\"en-GB\",\"@id\":\"https:\/\/brina-plavsic.si\/o_meni\/#primaryimage\",\"url\":\"https:\/\/brina-plavsic.si\/wp-content\/uploads\/2024\/02\/Brina2.jpg\",\"contentUrl\":\"https:\/\/brina-plavsic.si\/wp-content\/uploads\/2024\/02\/Brina2.jpg\",\"width\":1280,\"height\":800},{\"@type\":\"BreadcrumbList\",\"@id\":\"https:\/\/brina-plavsic.si\/o_meni\/#breadcrumb\",\"itemListElement\":[{\"@type\":\"ListItem\",\"position\":1,\"name\":\"Home\",\"item\":\"https:\/\/brina-plavsic.si\/\"},{\"@type\":\"ListItem\",\"position\":2,\"name\":\"O meni\"}]},{\"@type\":\"WebSite\",\"@id\":\"https:\/\/brina-plavsic.si\/#website\",\"url\":\"https:\/\/brina-plavsic.si\/\",\"name\":\"Brina Plav\u0161i\u010d - Celostno svetovanje in terapija\",\"description\":\"\",\"publisher\":{\"@id\":\"https:\/\/brina-plavsic.si\/#\/schema\/person\/a4c94b2fce4f46e70e3efd186b51cd15\"},\"potentialAction\":[{\"@type\":\"SearchAction\",\"target\":{\"@type\":\"EntryPoint\",\"urlTemplate\":\"https:\/\/brina-plavsic.si\/?s={search_term_string}\"},\"query-input\":\"required name=search_term_string\"}],\"inLanguage\":\"en-GB\"},{\"@type\":[\"Person\",\"Organization\"],\"@id\":\"https:\/\/brina-plavsic.si\/#\/schema\/person\/a4c94b2fce4f46e70e3efd186b51cd15\",\"name\":\"BrinaPlavsic\",\"image\":{\"@type\":\"ImageObject\",\"inLanguage\":\"en-GB\",\"@id\":\"https:\/\/brina-plavsic.si\/#\/schema\/person\/image\/\",\"url\":\"http:\/\/brina-plavsic.si\/wp-content\/uploads\/2024\/03\/BrinaLogo_RozaNapis-01.png\",\"contentUrl\":\"http:\/\/brina-plavsic.si\/wp-content\/uploads\/2024\/03\/BrinaLogo_RozaNapis-01.png\",\"width\":1000,\"height\":1000,\"caption\":\"BrinaPlavsic\"},\"logo\":{\"@id\":\"https:\/\/brina-plavsic.si\/#\/schema\/person\/image\/\"},\"sameAs\":[\"http:\/\/brina-plavsic.si\"]}]}<\/script>\n<!-- \/ Yoast SEO plugin. -->","yoast_head_json":{"title":"O meni - Brina Plav\u0161i\u010d - Celostno svetovanje in terapija","description":"Verjamem, da je pristen odnos zdravilen, zato v odnose, tako osebno kot pri delu, vstopam z radovednostjo, iskrenostjo in so\u010dutjem.","robots":{"index":"index","follow":"follow","max-snippet":"max-snippet:-1","max-image-preview":"max-image-preview:large","max-video-preview":"max-video-preview:-1"},"canonical":"https:\/\/brina-plavsic.si\/en\/o_meni\/","og_locale":"en_GB","og_type":"article","og_title":"O meni - Brina Plav\u0161i\u010d - Celostno svetovanje in terapija","og_description":"Verjamem, da je pristen odnos zdravilen, zato v odnose, tako osebno kot pri delu, vstopam z radovednostjo, iskrenostjo in so\u010dutjem.","og_url":"https:\/\/brina-plavsic.si\/en\/o_meni\/","og_site_name":"Brina Plav\u0161i\u010d - Celostno svetovanje in terapija","article_modified_time":"2026-03-16T17:54:57+00:00","og_image":[{"url":"http:\/\/brina-plavsic.si\/wp-content\/uploads\/2024\/02\/Brina2-768x480.jpg"}],"twitter_card":"summary_large_image","twitter_misc":{"Estimated reading time":"2 minutes"},"schema":{"@context":"https:\/\/schema.org","@graph":[{"@type":"WebPage","@id":"https:\/\/brina-plavsic.si\/o_meni\/","url":"https:\/\/brina-plavsic.si\/o_meni\/","name":"O meni - Brina Plav\u0161i\u010d - Celostno svetovanje in terapija","isPartOf":{"@id":"https:\/\/brina-plavsic.si\/#website"},"primaryImageOfPage":{"@id":"https:\/\/brina-plavsic.si\/o_meni\/#primaryimage"},"image":{"@id":"https:\/\/brina-plavsic.si\/o_meni\/#primaryimage"},"thumbnailUrl":"http:\/\/brina-plavsic.si\/wp-content\/uploads\/2024\/02\/Brina2-768x480.jpg","datePublished":"2021-11-01T11:30:50+00:00","dateModified":"2026-03-16T17:54:57+00:00","description":"Verjamem, da je pristen odnos zdravilen, zato v odnose, tako osebno kot pri delu, vstopam z radovednostjo, iskrenostjo in so\u010dutjem.","breadcrumb":{"@id":"https:\/\/brina-plavsic.si\/o_meni\/#breadcrumb"},"inLanguage":"en-GB","potentialAction":[{"@type":"ReadAction","target":["https:\/\/brina-plavsic.si\/o_meni\/"]}]},{"@type":"ImageObject","inLanguage":"en-GB","@id":"https:\/\/brina-plavsic.si\/o_meni\/#primaryimage","url":"https:\/\/brina-plavsic.si\/wp-content\/uploads\/2024\/02\/Brina2.jpg","contentUrl":"https:\/\/brina-plavsic.si\/wp-content\/uploads\/2024\/02\/Brina2.jpg","width":1280,"height":800},{"@type":"BreadcrumbList","@id":"https:\/\/brina-plavsic.si\/o_meni\/#breadcrumb","itemListElement":[{"@type":"ListItem","position":1,"name":"Home","item":"https:\/\/brina-plavsic.si\/"},{"@type":"ListItem","position":2,"name":"O meni"}]},{"@type":"WebSite","@id":"https:\/\/brina-plavsic.si\/#website","url":"https:\/\/brina-plavsic.si\/","name":"Brina Plav\u0161i\u010d - Celostno svetovanje in terapija","description":"","publisher":{"@id":"https:\/\/brina-plavsic.si\/#\/schema\/person\/a4c94b2fce4f46e70e3efd186b51cd15"},"potentialAction":[{"@type":"SearchAction","target":{"@type":"EntryPoint","urlTemplate":"https:\/\/brina-plavsic.si\/?s={search_term_string}"},"query-input":"required name=search_term_string"}],"inLanguage":"en-GB"},{"@type":["Person","Organization"],"@id":"https:\/\/brina-plavsic.si\/#\/schema\/person\/a4c94b2fce4f46e70e3efd186b51cd15","name":"BrinaPlavsic","image":{"@type":"ImageObject","inLanguage":"en-GB","@id":"https:\/\/brina-plavsic.si\/#\/schema\/person\/image\/","url":"http:\/\/brina-plavsic.si\/wp-content\/uploads\/2024\/03\/BrinaLogo_RozaNapis-01.png","contentUrl":"http:\/\/brina-plavsic.si\/wp-content\/uploads\/2024\/03\/BrinaLogo_RozaNapis-01.png","width":1000,"height":1000,"caption":"BrinaPlavsic"},"logo":{"@id":"https:\/\/brina-plavsic.si\/#\/schema\/person\/image\/"},"sameAs":["http:\/\/brina-plavsic.si"]}]}},"_links":{"self":[{"href":"https:\/\/brina-plavsic.si\/en\/wp-json\/wp\/v2\/pages\/401","targetHints":{"allow":["GET"]}}],"collection":[{"href":"https:\/\/brina-plavsic.si\/en\/wp-json\/wp\/v2\/pages"}],"about":[{"href":"https:\/\/brina-plavsic.si\/en\/wp-json\/wp\/v2\/types\/page"}],"author":[{"embeddable":true,"href":"https:\/\/brina-plavsic.si\/en\/wp-json\/wp\/v2\/users\/1"}],"replies":[{"embeddable":true,"href":"https:\/\/brina-plavsic.si\/en\/wp-json\/wp\/v2\/comments?post=401"}],"version-history":[{"count":193,"href":"https:\/\/brina-plavsic.si\/en\/wp-json\/wp\/v2\/pages\/401\/revisions"}],"predecessor-version":[{"id":2083,"href":"https:\/\/brina-plavsic.si\/en\/wp-json\/wp\/v2\/pages\/401\/revisions\/2083"}],"wp:attachment":[{"href":"https:\/\/brina-plavsic.si\/en\/wp-json\/wp\/v2\/media?parent=401"}],"curies":[{"name":"wp","href":"https:\/\/api.w.org\/{rel}","templated":true}]}}